{"id":1746,"date":"2014-11-24T18:30:16","date_gmt":"2014-11-24T18:30:16","guid":{"rendered":"http:\/\/vuce.gub.uy\/staging1500\/?page_id=1746"},"modified":"2022-05-24T14:15:08","modified_gmt":"2022-05-24T14:15:08","slug":"aprenda-usar-vuce","status":"publish","type":"page","link":"https:\/\/vuce.gub.uy\/staging1500\/aprenda-usar-vuce\/","title":{"rendered":"Capacitaciones"},"content":{"rendered":"<h2>Capacitaciones<\/h2>\n<p>&nbsp;<\/p>\n<p>El equipo de VUCE realiza capacitaciones a los usuarios de forma peri\u00f3dica, las mismas se complementan con manuales que den soporte a los usuarios al momento de operar en la plataforma.<\/p>\n<p>Adem\u00e1s de las capacitaciones realizadas previo a la incorporaci\u00f3n de un nuevo proceso al sistema, se realizan capacitaciones de los distintos tramites en funcionamiento a lo largo del a\u00f1o.<\/p>\n<p>La mayor\u00eda de las capacitaciones son de libre acceso con una previa <a href=\"mailto:eventos@vuce.gub.uy\">inscripci\u00f3n<\/a>, pero si te interesa organizar una capacitaci\u00f3n personalizada en tu organizaci\u00f3n y logras reunir al menos 10 personas que participen, puedes escribirnos a: <a href=\"mailto:eventos@vuce.gub.uy\">eventos@vuce.gub.uy<\/a> y vamos a tu empresa a capacitar.<\/p>\n\n<table id=\"tablepress-8\" class=\"tablepress tablepress-id-8\">\n<thead>\n<tr class=\"row-1 odd\">\n\t<th class=\"column-1\">Tem\u00e1tica<\/th><th class=\"column-2\">Organismo\/Tr\u00e1mite VUCE<\/th><th class=\"column-3\">Fecha<\/th><th class=\"column-4\">Hora de inicio<\/th><th class=\"column-5\">Locaci\u00f3n<\/th><th class=\"column-6\">Publico objetivo<\/th><th class=\"column-7\">Inscripci\u00f3n<\/th>\n<\/tr>\n<\/thead>\n<tbody class=\"row-hover\">\n<tr class=\"row-2 even\">\n\t<td class=\"column-1\">Capacitaci\u00f3n nuevos pa\u00edses destino y certificados complementarios en el tr\u00e1mite LACE<\/td><td class=\"column-2\">MGAP\/ LACE<\/td><td class=\"column-3\">25\/04\/2022<\/td><td class=\"column-4\">11:00 AM<\/td><td class=\"column-5\">Online<\/td><td class=\"column-6\">Empresas y despachantes<\/td><td class=\"column-7\">eventos@vuce.gub.uy <\/td>\n<\/tr>\n<tr class=\"row-3 odd\">\n\t<td class=\"column-1\">Capacitaci\u00f3n tr\u00e1mite: Recepci\u00f3n de solicitudes de registro de productos de DETM<\/td><td class=\"column-2\">MSP\/ PIRM<\/td><td class=\"column-3\">27\/10\/2021<\/td><td class=\"column-4\">10:00 AM<\/td><td class=\"column-5\">Online<\/td><td class=\"column-6\">Empresas<\/td><td class=\"column-7\">eventos@vuce.gub.uy<\/td>\n<\/tr>\n<tr class=\"row-4 even\">\n\t<td class=\"column-1\">Presentaci\u00f3n nuevos tr\u00e1mites RTAB-Registro de Empresas relacionadas a Tabaco y PTAB-Homologaci\u00f3n de productos de tabaco y similares.<\/td><td class=\"column-2\">MSP\/ RTAB y PTAB<\/td><td class=\"column-3\">06\/09\/2021<\/td><td class=\"column-4\">11:30 AM<\/td><td class=\"column-5\">Online<\/td><td class=\"column-6\">Empresas y despachantes.<\/td><td class=\"column-7\"><\/td>\n<\/tr>\n<tr class=\"row-5 odd\">\n\t<td class=\"column-1\">Presentaci\u00f3n nuevo tramite Importaci\u00f3n de Productos Fitosanitarios (plaguicidas)<\/td><td class=\"column-2\">MGAP\/ IPFM<\/td><td class=\"column-3\">27\/08\/2021<\/td><td class=\"column-4\">14:00 hs<\/td><td class=\"column-5\">Online<\/td><td class=\"column-6\">Empresas y Despachantes<\/td><td class=\"column-7\"><\/td>\n<\/tr>\n<tr class=\"row-6 even\">\n\t<td class=\"column-1\">Tr\u00e1mite de ENDOSO. Gesti\u00f3n posterior a la aprobaci\u00f3n de los tr\u00e1mites ESTU, PREC y PSIC.<\/td><td class=\"column-2\">MSP\/ ENDO (para ESTU y PSIC) y DOSO (para PREC).<\/td><td class=\"column-3\">06\/08\/2021<\/td><td class=\"column-4\">10 AM<\/td><td class=\"column-5\">Online<\/td><td class=\"column-6\">Empresas y despachantes.<\/td><td class=\"column-7\"><\/td>\n<\/tr>\n<tr class=\"row-7 odd\">\n\t<td class=\"column-1\">Presentaci\u00f3n nuevo tramite Importaci\u00f3n de Productos Fitosanitarios (plaguicidas)<\/td><td class=\"column-2\">MGAP\/ IPFM<\/td><td class=\"column-3\">20\/05\/2021<\/td><td class=\"column-4\">10 AM<\/td><td class=\"column-5\">Online<\/td><td class=\"column-6\">Empresas y despachantes <\/td><td class=\"column-7\"><\/td>\n<\/tr>\n<tr class=\"row-8 even\">\n\t<td class=\"column-1\">Tr\u00e1mite Certificado Sanitario Internacional de Pesca con destino Colombia <\/td><td class=\"column-2\">MGAP - DINARA \/ COLM<\/td><td class=\"column-3\">28\/04\/2021<\/td><td class=\"column-4\">10 AM<\/td><td class=\"column-5\">Online<\/td><td class=\"column-6\">Despachantes<\/td><td class=\"column-7\"><\/td>\n<\/tr>\n<tr class=\"row-9 odd\">\n\t<td class=\"column-1\">Tr\u00e1mite PFIT - Partidas experimentales de productos fitosanitarios<\/td><td class=\"column-2\">MGAP-DGGSSAA \/ PFIT<\/td><td class=\"column-3\">30\/09\/20<\/td><td class=\"column-4\">14 AM<\/td><td class=\"column-5\">Online<\/td><td class=\"column-6\">Empresa y Despachantes<\/td><td class=\"column-7\"><\/td>\n<\/tr>\n<tr class=\"row-10 even\">\n\t<td class=\"column-1\">TU Exporta<\/td><td class=\"column-2\">Declaraci\u00f3n Aduanera en VUCE<\/td><td class=\"column-3\">30\/09\/20<\/td><td class=\"column-4\">10 AM<\/td><td class=\"column-5\">Online<\/td><td class=\"column-6\">Micro y Peque\u00f1as empresas -  ANMYPE<\/td><td class=\"column-7\"><\/td>\n<\/tr>\n<tr class=\"row-11 odd\">\n\t<td class=\"column-1\">Tr\u00e1mite de Destrucci\u00f3n de Residuos ante MVOTMA<\/td><td class=\"column-2\">MVOTMA \/ DEST<\/td><td class=\"column-3\">05\/08\/20<\/td><td class=\"column-4\">14:30<\/td><td class=\"column-5\">Online<\/td><td class=\"column-6\">Empresa y Despachante de Aduana<\/td><td class=\"column-7\"><\/td>\n<\/tr>\n<tr class=\"row-12 even\">\n\t<td class=\"column-1\">Procedimiento de despacho en arribo de encomiendas postales internacionales con cobro anticipado de 60%.<\/td><td class=\"column-2\">Direcci\u00f3n Nacional de Aduanas<\/td><td class=\"column-3\">02\/06\/20<\/td><td class=\"column-4\">10:00<\/td><td class=\"column-5\">Online<\/td><td class=\"column-6\">Couriers<\/td><td class=\"column-7\"><\/td>\n<\/tr>\n<tr class=\"row-13 odd\">\n\t<td class=\"column-1\">TU Exporta<\/td><td class=\"column-2\">VUCE \/ Declaraci\u00f3n Aduanera<\/td><td class=\"column-3\">Suspendida hasta nuevo aviso<\/td><td class=\"column-4\">-<\/td><td class=\"column-5\">Joaqu\u00edn Requena 1071 - ANMYPE<\/td><td class=\"column-6\">Micro y Peque\u00f1as empresas <\/td><td class=\"column-7\">Suspendida hasta nuevo aviso<\/td>\n<\/tr>\n<tr class=\"row-14 even\">\n\t<td class=\"column-1\">Tr\u00e1mite Exoneraci\u00f3n de Grav\u00e1menes Decreto 464\/78, 465\/78, 194\/79, 119\/09 para Empresas Agropecuarias<\/td><td class=\"column-2\">MGAP - DGSSAA \/ EGRA - EGRE- EGMA<\/td><td class=\"column-3\">05\/11\/2019<\/td><td class=\"column-4\">14 HS<\/td><td class=\"column-5\">Zabala 1437 - CEA ADAU<\/td><td class=\"column-6\">Empresa y Despachantes<\/td><td class=\"column-7\"><\/td>\n<\/tr>\n<tr class=\"row-15 odd\">\n\t<td class=\"column-1\">TU Exporta<\/td><td class=\"column-2\">Tarea: Clasificaci\u00f3n<\/td><td class=\"column-3\">14\/10\/2019<\/td><td class=\"column-4\">10 AM<\/td><td class=\"column-5\">Zabala 1437 - CEA ADAU<\/td><td class=\"column-6\">Despachantes de Aduana<\/td><td class=\"column-7\"><\/td>\n<\/tr>\n<tr class=\"row-16 even\">\n\t<td class=\"column-1\">TU Exporta<\/td><td class=\"column-2\">Tarea: Registro de pagos <\/td><td class=\"column-3\">15\/10\/2019<\/td><td class=\"column-4\">10 AM<\/td><td class=\"column-5\">Zabala 1437 - CEA ADAU<\/td><td class=\"column-6\">Personal de la Asociaci\u00f3n de Despachantes de Aduana del Uruguay<\/td><td class=\"column-7\"><\/td>\n<\/tr>\n<tr class=\"row-17 odd\">\n\t<td class=\"column-1\">TU Exporta<\/td><td class=\"column-2\"><\/td><td class=\"column-3\">25\/09\/2019<\/td><td class=\"column-4\">14 A 16 HS<\/td><td class=\"column-5\">Misiones 1280 - ANDE<\/td><td class=\"column-6\">Micro y Peque\u00f1as empresas <\/td><td class=\"column-7\"><\/td>\n<\/tr>\n<tr class=\"row-18 even\">\n\t<td class=\"column-1\">TU Exporta<\/td><td class=\"column-2\">VUCE \/ Lineamientos Generales del R\u00e9gimen y Declaraci\u00f3n Aduanera<\/td><td class=\"column-3\">05\/09\/2019<\/td><td class=\"column-4\">10 AM<\/td><td class=\"column-5\">Rinc\u00f3n 518 Planta Baja - Sala Rumbos - CND<\/td><td class=\"column-6\">Micro y Peque\u00f1as empresas \/ Interesados en el r\u00e9gimen<\/td><td class=\"column-7\"><\/td>\n<\/tr>\n<tr class=\"row-19 odd\">\n\t<td class=\"column-1\">TU Exporta - Programa de Formaci\u00f3n en Habilidades de Exportaci\u00f3n - M\u00f3dulo 5 PEQUE\u00d1OS ENV\u00cdOS Y SERVICIOS ASOCIADOS<\/td><td class=\"column-2\">Uruguay XXI<\/td><td class=\"column-3\">29\/08\/2019<\/td><td class=\"column-4\">9 AM<\/td><td class=\"column-5\">Sala Reconquista del NH Columbia<\/td><td class=\"column-6\">Micro y Peque\u00f1as empresas \/ Interesados en el r\u00e9gimen<\/td><td class=\"column-7\"><\/td>\n<\/tr>\n<tr class=\"row-20 even\">\n\t<td class=\"column-1\">TU Exporta<\/td><td class=\"column-2\">VUCE \/ Lineamientos Generales del R\u00e9gimen<\/td><td class=\"column-3\">14\/08\/2019<\/td><td class=\"column-4\">10 AM<\/td><td class=\"column-5\">Zabala 1437 - CEA ADAU<\/td><td class=\"column-6\">Micro y Peque\u00f1as empresas \/ Interesados en el r\u00e9gimen<\/td><td class=\"column-7\"><\/td>\n<\/tr>\n<tr class=\"row-21 odd\">\n\t<td class=\"column-1\">TU Exporta<\/td><td class=\"column-2\">VUCE \/ Lineamientos Generales del R\u00e9gimen<\/td><td class=\"column-3\">15\/08\/2019<\/td><td class=\"column-4\">10 AM<\/td><td class=\"column-5\">Zabala 1437 - CEA ADAU<\/td><td class=\"column-6\">Micro y Peque\u00f1as empresas \/ Interesados en el r\u00e9gimen<\/td><td class=\"column-7\"><\/td>\n<\/tr>\n<tr class=\"row-22 even\">\n\t<td class=\"column-1\">TU Exporta<\/td><td class=\"column-2\">VUCE \/ Declaraci\u00f3n Aduanera<\/td><td class=\"column-3\">20\/08\/2019<\/td><td class=\"column-4\">10 AM<\/td><td class=\"column-5\">Zabala 1437 - CEA ADAU<\/td><td class=\"column-6\">Micro y Peque\u00f1as empresas \/ Interesados en el r\u00e9gimen<\/td><td class=\"column-7\"><\/td>\n<\/tr>\n<tr class=\"row-23 odd\">\n\t<td class=\"column-1\">TU Exporta<\/td><td class=\"column-2\">VUCE \/ Declaraci\u00f3n Aduanera<\/td><td class=\"column-3\">21\/08\/2019<\/td><td class=\"column-4\">10 AM<\/td><td class=\"column-5\">Zabala 1437 - CEA ADAU<\/td><td class=\"column-6\">Micro y Peque\u00f1as empresas \/ Interesados en el r\u00e9gimen<\/td><td class=\"column-7\"><\/td>\n<\/tr>\n<tr class=\"row-24 even\">\n\t<td class=\"column-1\">Tr\u00e1mite Constancia de Existencia de Fabricaci\u00f3n Nacional<\/td><td class=\"column-2\">CIU \/ CEFN - RECO<\/td><td class=\"column-3\">11\/12\/2018<\/td><td class=\"column-4\">10 AM<\/td><td class=\"column-5\">Avda. Italia 6101 esquina Bolonia<\/td><td class=\"column-6\">Empresas y Despachantes<\/td><td class=\"column-7\"><\/td>\n<\/tr>\n<tr class=\"row-25 odd\">\n\t<td class=\"column-1\">Nuevas Funcionalidades para tr\u00e1mites PSIC, ESTU y PREC<\/td><td class=\"column-2\">MSP \/ Sustancias Controladas<\/td><td class=\"column-3\">10\/12\/2018<\/td><td class=\"column-4\">10 AM<\/td><td class=\"column-5\">18 de Julio 1892 - Sal\u00f3n de Actos del MSP<\/td><td class=\"column-6\">Empresa<\/td><td class=\"column-7\"><\/td>\n<\/tr>\n<tr class=\"row-26 even\">\n\t<td class=\"column-1\">Tr\u00e1mites ATPI, AMEF y sus pr\u00f3rrogas<\/td><td class=\"column-2\">MEF \/ ATPI - ATPR - AMEF - APRO<\/td><td class=\"column-3\">03\/10\/2018<\/td><td class=\"column-4\">11.30 AM<\/td><td class=\"column-5\">Zabala 1437 Salon 1 \u2013 CEA ADAU <\/td><td class=\"column-6\">Empresa y Despachantes<\/td><td class=\"column-7\"><\/td>\n<\/tr>\n<tr class=\"row-27 odd\">\n\t<td class=\"column-1\">Tr\u00e1mite Importaci\u00f3n definitiva exonerada de tributos al amparo de la Ley N\u00b0 9.977 - Material destinado a la actividad aeron\u00e1utica <\/td><td class=\"column-2\">DINACIA \/ DNI \/ DINA - AERO<\/td><td class=\"column-3\">24\/07\/2018<\/td><td class=\"column-4\">14 HS<\/td><td class=\"column-5\">Zabala 1437 Salon 1 \u2013 CEA ADAU <\/td><td class=\"column-6\">Empresa y Despachantes<\/td><td class=\"column-7\"><\/td>\n<\/tr>\n<tr class=\"row-28 even\">\n\t<td class=\"column-1\">Tr\u00e1mites de Sanidad Mar\u00edtima<\/td><td class=\"column-2\">MSP \/ Sanidad Mar\u00edtima<\/td><td class=\"column-3\">23\/07\/2018<\/td><td class=\"column-4\">10 AM<\/td><td class=\"column-5\">Ministerio de Salud P\u00fablica (18 de Julio 1892) 1er piso - Anexo MSP - Sala de Capacitaci\u00f3n<\/td><td class=\"column-6\">Empresa y Despachantes<\/td><td class=\"column-7\"><\/td>\n<\/tr>\n<tr class=\"row-29 odd\">\n\t<td class=\"column-1\">Tr\u00e1mite para la autorizaci\u00f3n otorgada por Sanidad Mar\u00edtima y Fluvial<\/td><td class=\"column-2\">MSP \/ LPLA - EXPE<\/td><td class=\"column-3\">28\/06\/2018<\/td><td class=\"column-4\">10 AM<\/td><td class=\"column-5\">Zabala 1437 Salon 1 \u2013 CEA ADAU <\/td><td class=\"column-6\">Empresa y Despachantes<\/td><td class=\"column-7\"><\/td>\n<\/tr>\n<tr class=\"row-30 even\">\n\t<td class=\"column-1\">Tr\u00e1mite Importaci\u00f3n de Producto de Pesca Y Exportaci\u00f3n de Producto de Pesca<\/td><td class=\"column-2\">DINARA \/ PESC - EPES<\/td><td class=\"column-3\">21\/06\/2018<\/td><td class=\"column-4\">10 AM<\/td><td class=\"column-5\">Zabala 1437 Salon 1 \u2013 CEA ADAU <\/td><td class=\"column-6\">Empresa y Despachantes<\/td><td class=\"column-7\"><\/td>\n<\/tr>\n<tr class=\"row-31 odd\">\n\t<td class=\"column-1\">Tr\u00e1mite de sustancias agotadores de la capa de Ozono<\/td><td class=\"column-2\">MVOTMA \/ OZON<\/td><td class=\"column-3\">14\/06\/2018<\/td><td class=\"column-4\">10 AM<\/td><td class=\"column-5\">Zabala 1437 Salon 1 \u2013 CEA ADAU <\/td><td class=\"column-6\">Empresa y Despachantes<\/td><td class=\"column-7\"><\/td>\n<\/tr>\n<tr class=\"row-32 even\">\n\t<td class=\"column-1\">Tr\u00e1mite de Desaduanamiento de Registro para importaci\u00f3n de equipos y dispositivos m\u00e9dicos<br \/>\nTr\u00e1mite Negativo de Registro para importaci\u00f3n de equipos y dispositivos m\u00e9dicos<\/td><td class=\"column-2\">MSP \/ TECM<\/td><td class=\"column-3\">16\/03\/2018<\/td><td class=\"column-4\">10.30 AM<\/td><td class=\"column-5\">Zabala 1437 Salon 1 \u2013 CEA ADAU<\/td><td class=\"column-6\">Empresa y Despachantes<\/td><td class=\"column-7\"><\/td>\n<\/tr>\n<tr class=\"row-33 odd\">\n\t<td class=\"column-1\">Tr\u00e1mite para la importaci\u00f3n de art\u00edculos de \u00f3ptica y oft\u00e1lmica del Sector \u00d3ptico<br \/>\n<br \/>\n<\/td><td class=\"column-2\">MSP \/ OPTI - DJOP<\/td><td class=\"column-3\">09\/03\/2018<\/td><td class=\"column-4\">10 AM<\/td><td class=\"column-5\">Zabala 1437 Salon 1 \u2013 CEA ADAU<\/td><td class=\"column-6\">Empresa y Despachantes<\/td><td class=\"column-7\"><\/td>\n<\/tr>\n<tr class=\"row-34 even\">\n\t<td class=\"column-1\">Tr\u00e1mites de sustancias controladas, psicotr\u00f3picos, estupefacientes y precursores <\/td><td class=\"column-2\">MSP \/ PSIC -ESTU -PREC<\/td><td class=\"column-3\">02\/03\/2018<\/td><td class=\"column-4\">10 AM<\/td><td class=\"column-5\">Zabala 1437 Salon 1 \u2013 CEA ADAU<\/td><td class=\"column-6\">Empresa y Despachantes<\/td><td class=\"column-7\"><\/td>\n<\/tr>\n<tr class=\"row-35 odd\">\n\t<td class=\"column-1\">Tr\u00e1mite Importaci\u00f3n de Pinturas \u2013 Dec. 69\/011<\/td><td class=\"column-2\">MVOTMA \/ DIPL<\/td><td class=\"column-3\">22\/02\/2018<\/td><td class=\"column-4\">10 AM<\/td><td class=\"column-5\">Zabala 1437 Salon 1 \u2013 CEA ADAU<\/td><td class=\"column-6\">Empresa y Despachantes<\/td><td class=\"column-7\"><\/td>\n<\/tr>\n<\/tbody>\n<\/table>\n<!-- #tablepress-8 from cache -->\n","protected":false},"excerpt":{"rendered":"<p>Capacitaciones &nbsp; El equipo de VUCE realiza capacitaciones a los usuarios [&hellip;]<\/p>\n","protected":false},"author":1,"featured_media":0,"parent":0,"menu_order":0,"comment_status":"closed","ping_status":"open","template":"","meta":{"footnotes":""},"yoast_head":"<!-- This site is optimized with the Yoast SEO plugin v21.5 - https:\/\/yoast.com\/wordpress\/plugins\/seo\/ -->\n<title>Capacitaciones - VUCE<\/title>\n<meta name=\"robots\" content=\"index, follow, max-snippet:-1, max-image-preview:large, max-video-preview:-1\" \/>\n<link rel=\"canonical\" href=\"https:\/\/vuce.gub.uy\/staging1500\/aprenda-usar-vuce\/\" \/>\n<meta property=\"og:locale\" content=\"es_ES\" \/>\n<meta property=\"og:type\" content=\"article\" \/>\n<meta property=\"og:title\" content=\"Capacitaciones - VUCE\" \/>\n<meta property=\"og:description\" content=\"Capacitaciones &nbsp; El equipo de VUCE realiza capacitaciones a los usuarios [&hellip;]\" \/>\n<meta property=\"og:url\" content=\"https:\/\/vuce.gub.uy\/staging1500\/aprenda-usar-vuce\/\" \/>\n<meta property=\"og:site_name\" content=\"VUCE\" \/>\n<meta property=\"article:modified_time\" content=\"2022-05-24T14:15:08+00:00\" \/>\n<meta name=\"twitter:card\" content=\"summary_large_image\" \/>\n<meta name=\"twitter:label1\" content=\"Tiempo de lectura\" \/>\n\t<meta name=\"twitter:data1\" content=\"1 minuto\" \/>\n<script type=\"application\/ld+json\" class=\"yoast-schema-graph\">{\"@context\":\"https:\/\/schema.org\",\"@graph\":[{\"@type\":\"WebPage\",\"@id\":\"https:\/\/vuce.gub.uy\/staging1500\/aprenda-usar-vuce\/\",\"url\":\"https:\/\/vuce.gub.uy\/staging1500\/aprenda-usar-vuce\/\",\"name\":\"Capacitaciones - VUCE\",\"isPartOf\":{\"@id\":\"https:\/\/vuce.gub.uy\/staging1500\/#website\"},\"datePublished\":\"2014-11-24T18:30:16+00:00\",\"dateModified\":\"2022-05-24T14:15:08+00:00\",\"breadcrumb\":{\"@id\":\"https:\/\/vuce.gub.uy\/staging1500\/aprenda-usar-vuce\/#breadcrumb\"},\"inLanguage\":\"es-AR\",\"potentialAction\":[{\"@type\":\"ReadAction\",\"target\":[\"https:\/\/vuce.gub.uy\/staging1500\/aprenda-usar-vuce\/\"]}]},{\"@type\":\"BreadcrumbList\",\"@id\":\"https:\/\/vuce.gub.uy\/staging1500\/aprenda-usar-vuce\/#breadcrumb\",\"itemListElement\":[{\"@type\":\"ListItem\",\"position\":1,\"name\":\"Inicio\",\"item\":\"https:\/\/vuce.gub.uy\/staging1500\/\"},{\"@type\":\"ListItem\",\"position\":2,\"name\":\"Capacitaciones\"}]},{\"@type\":\"WebSite\",\"@id\":\"https:\/\/vuce.gub.uy\/staging1500\/#website\",\"url\":\"https:\/\/vuce.gub.uy\/staging1500\/\",\"name\":\"VUCE\",\"description\":\"\",\"potentialAction\":[{\"@type\":\"SearchAction\",\"target\":{\"@type\":\"EntryPoint\",\"urlTemplate\":\"https:\/\/vuce.gub.uy\/staging1500\/?s={search_term_string}\"},\"query-input\":\"required name=search_term_string\"}],\"inLanguage\":\"es-AR\"}]}<\/script>\n<!-- \/ Yoast SEO plugin. -->","yoast_head_json":{"title":"Capacitaciones - VUCE","robots":{"index":"index","follow":"follow","max-snippet":"max-snippet:-1","max-image-preview":"max-image-preview:large","max-video-preview":"max-video-preview:-1"},"canonical":"https:\/\/vuce.gub.uy\/staging1500\/aprenda-usar-vuce\/","og_locale":"es_ES","og_type":"article","og_title":"Capacitaciones - VUCE","og_description":"Capacitaciones &nbsp; El equipo de VUCE realiza capacitaciones a los usuarios [&hellip;]","og_url":"https:\/\/vuce.gub.uy\/staging1500\/aprenda-usar-vuce\/","og_site_name":"VUCE","article_modified_time":"2022-05-24T14:15:08+00:00","twitter_card":"summary_large_image","twitter_misc":{"Tiempo de lectura":"1 minuto"},"schema":{"@context":"https:\/\/schema.org","@graph":[{"@type":"WebPage","@id":"https:\/\/vuce.gub.uy\/staging1500\/aprenda-usar-vuce\/","url":"https:\/\/vuce.gub.uy\/staging1500\/aprenda-usar-vuce\/","name":"Capacitaciones - VUCE","isPartOf":{"@id":"https:\/\/vuce.gub.uy\/staging1500\/#website"},"datePublished":"2014-11-24T18:30:16+00:00","dateModified":"2022-05-24T14:15:08+00:00","breadcrumb":{"@id":"https:\/\/vuce.gub.uy\/staging1500\/aprenda-usar-vuce\/#breadcrumb"},"inLanguage":"es-AR","potentialAction":[{"@type":"ReadAction","target":["https:\/\/vuce.gub.uy\/staging1500\/aprenda-usar-vuce\/"]}]},{"@type":"BreadcrumbList","@id":"https:\/\/vuce.gub.uy\/staging1500\/aprenda-usar-vuce\/#breadcrumb","itemListElement":[{"@type":"ListItem","position":1,"name":"Inicio","item":"https:\/\/vuce.gub.uy\/staging1500\/"},{"@type":"ListItem","position":2,"name":"Capacitaciones"}]},{"@type":"WebSite","@id":"https:\/\/vuce.gub.uy\/staging1500\/#website","url":"https:\/\/vuce.gub.uy\/staging1500\/","name":"VUCE","description":"","potentialAction":[{"@type":"SearchAction","target":{"@type":"EntryPoint","urlTemplate":"https:\/\/vuce.gub.uy\/staging1500\/?s={search_term_string}"},"query-input":"required name=search_term_string"}],"inLanguage":"es-AR"}]}},"_links":{"self":[{"href":"https:\/\/vuce.gub.uy\/staging1500\/wp-json\/wp\/v2\/pages\/1746"}],"collection":[{"href":"https:\/\/vuce.gub.uy\/staging1500\/wp-json\/wp\/v2\/pages"}],"about":[{"href":"https:\/\/vuce.gub.uy\/staging1500\/wp-json\/wp\/v2\/types\/page"}],"author":[{"embeddable":true,"href":"https:\/\/vuce.gub.uy\/staging1500\/wp-json\/wp\/v2\/users\/1"}],"replies":[{"embeddable":true,"href":"https:\/\/vuce.gub.uy\/staging1500\/wp-json\/wp\/v2\/comments?post=1746"}],"version-history":[{"count":21,"href":"https:\/\/vuce.gub.uy\/staging1500\/wp-json\/wp\/v2\/pages\/1746\/revisions"}],"predecessor-version":[{"id":4626,"href":"https:\/\/vuce.gub.uy\/staging1500\/wp-json\/wp\/v2\/pages\/1746\/revisions\/4626"}],"wp:attachment":[{"href":"https:\/\/vuce.gub.uy\/staging1500\/wp-json\/wp\/v2\/media?parent=1746"}],"curies":[{"name":"wp","href":"https:\/\/api.w.org\/{rel}","templated":true}]}}