{"id":1919,"date":"2015-05-13T20:01:37","date_gmt":"2015-05-13T20:01:37","guid":{"rendered":"http:\/\/vuce.gub.uy\/staging1500\/?page_id=1919"},"modified":"2018-11-27T19:48:14","modified_gmt":"2018-11-27T19:48:14","slug":"consultar-documentos-obligatorios","status":"publish","type":"page","link":"https:\/\/vuce.gub.uy\/staging1500\/consultar-documentos-obligatorios\/","title":{"rendered":"Consultar documentos obligatorios"},"content":{"rendered":"<p>Se listan a continuaci\u00f3n los documentos obligatorios exigidos por la Direcci\u00f3n Nacional de Aduanas del Uruguay. Para los casos de las Exportaciones, pueden existir documentos exigidos por los pa\u00edses de destino que no est\u00e1n incluidos en esta lista.<\/p>\n<p>Los certificados digitales habilitados en VUCE pueden tener su correspondiente en papel. El usuario deber\u00e1 optar la forma de realizar el tr\u00e1mite (electr\u00f3nico o papel).<\/p>\n<p>Si desea consultar el listado de MNNT agregadas por VUCE puede hacerlo <a href=\"http:\/\/vuce.gub.uy\/staging1500\/listado-de-mnnt-vuce\/\">aqu\u00ed.<\/a><\/p>\n<p><iframe style=\"width: 100%; height: 600px; overflow: hidden;\" src=\"https:\/\/portal.vuce.gub.uy\/VUCE\/servlet\/vucetramitesporncmexterno\"><\/iframe><\/p>\n<p>Nota: La siguiente consulta se encuentra optimizada para navegadores Chrome y Firefox. Si utiliza Internet Explorer 11 o superior deber\u00e1 habilitar la Vista de Compatibilidad.<\/p>\n","protected":false},"excerpt":{"rendered":"<p>Se listan a continuaci\u00f3n los documentos obligatorios exigidos por la Direcci\u00f3n [&hellip;]<\/p>\n","protected":false},"author":1,"featured_media":0,"parent":0,"menu_order":0,"comment_status":"closed","ping_status":"open","template":"","meta":{"footnotes":""},"yoast_head":"<!-- This site is optimized with the Yoast SEO plugin v21.5 - https:\/\/yoast.com\/wordpress\/plugins\/seo\/ -->\n<title>Consultar documentos obligatorios - VUCE<\/title>\n<meta name=\"robots\" content=\"index, follow, max-snippet:-1, max-image-preview:large, max-video-preview:-1\" \/>\n<link rel=\"canonical\" href=\"https:\/\/vuce.gub.uy\/staging1500\/consultar-documentos-obligatorios\/\" \/>\n<meta property=\"og:locale\" content=\"es_ES\" \/>\n<meta property=\"og:type\" content=\"article\" \/>\n<meta property=\"og:title\" content=\"Consultar documentos obligatorios - VUCE\" \/>\n<meta property=\"og:description\" content=\"Se listan a continuaci\u00f3n los documentos obligatorios exigidos por la Direcci\u00f3n [&hellip;]\" \/>\n<meta property=\"og:url\" content=\"https:\/\/vuce.gub.uy\/staging1500\/consultar-documentos-obligatorios\/\" \/>\n<meta property=\"og:site_name\" content=\"VUCE\" \/>\n<meta property=\"article:modified_time\" content=\"2018-11-27T19:48:14+00:00\" \/>\n<meta name=\"twitter:card\" content=\"summary_large_image\" \/>\n<meta name=\"twitter:label1\" content=\"Tiempo de lectura\" \/>\n\t<meta name=\"twitter:data1\" content=\"1 minuto\" \/>\n<script type=\"application\/ld+json\" class=\"yoast-schema-graph\">{\"@context\":\"https:\/\/schema.org\",\"@graph\":[{\"@type\":\"WebPage\",\"@id\":\"https:\/\/vuce.gub.uy\/staging1500\/consultar-documentos-obligatorios\/\",\"url\":\"https:\/\/vuce.gub.uy\/staging1500\/consultar-documentos-obligatorios\/\",\"name\":\"Consultar documentos obligatorios - VUCE\",\"isPartOf\":{\"@id\":\"https:\/\/vuce.gub.uy\/staging1500\/#website\"},\"datePublished\":\"2015-05-13T20:01:37+00:00\",\"dateModified\":\"2018-11-27T19:48:14+00:00\",\"breadcrumb\":{\"@id\":\"https:\/\/vuce.gub.uy\/staging1500\/consultar-documentos-obligatorios\/#breadcrumb\"},\"inLanguage\":\"es-AR\",\"potentialAction\":[{\"@type\":\"ReadAction\",\"target\":[\"https:\/\/vuce.gub.uy\/staging1500\/consultar-documentos-obligatorios\/\"]}]},{\"@type\":\"BreadcrumbList\",\"@id\":\"https:\/\/vuce.gub.uy\/staging1500\/consultar-documentos-obligatorios\/#breadcrumb\",\"itemListElement\":[{\"@type\":\"ListItem\",\"position\":1,\"name\":\"Inicio\",\"item\":\"https:\/\/vuce.gub.uy\/staging1500\/\"},{\"@type\":\"ListItem\",\"position\":2,\"name\":\"Consultar documentos obligatorios\"}]},{\"@type\":\"WebSite\",\"@id\":\"https:\/\/vuce.gub.uy\/staging1500\/#website\",\"url\":\"https:\/\/vuce.gub.uy\/staging1500\/\",\"name\":\"VUCE\",\"description\":\"\",\"potentialAction\":[{\"@type\":\"SearchAction\",\"target\":{\"@type\":\"EntryPoint\",\"urlTemplate\":\"https:\/\/vuce.gub.uy\/staging1500\/?s={search_term_string}\"},\"query-input\":\"required name=search_term_string\"}],\"inLanguage\":\"es-AR\"}]}<\/script>\n<!-- \/ Yoast SEO plugin. -->","yoast_head_json":{"title":"Consultar documentos obligatorios - VUCE","robots":{"index":"index","follow":"follow","max-snippet":"max-snippet:-1","max-image-preview":"max-image-preview:large","max-video-preview":"max-video-preview:-1"},"canonical":"https:\/\/vuce.gub.uy\/staging1500\/consultar-documentos-obligatorios\/","og_locale":"es_ES","og_type":"article","og_title":"Consultar documentos obligatorios - VUCE","og_description":"Se listan a continuaci\u00f3n los documentos obligatorios exigidos por la Direcci\u00f3n [&hellip;]","og_url":"https:\/\/vuce.gub.uy\/staging1500\/consultar-documentos-obligatorios\/","og_site_name":"VUCE","article_modified_time":"2018-11-27T19:48:14+00:00","twitter_card":"summary_large_image","twitter_misc":{"Tiempo de lectura":"1 minuto"},"schema":{"@context":"https:\/\/schema.org","@graph":[{"@type":"WebPage","@id":"https:\/\/vuce.gub.uy\/staging1500\/consultar-documentos-obligatorios\/","url":"https:\/\/vuce.gub.uy\/staging1500\/consultar-documentos-obligatorios\/","name":"Consultar documentos obligatorios - VUCE","isPartOf":{"@id":"https:\/\/vuce.gub.uy\/staging1500\/#website"},"datePublished":"2015-05-13T20:01:37+00:00","dateModified":"2018-11-27T19:48:14+00:00","breadcrumb":{"@id":"https:\/\/vuce.gub.uy\/staging1500\/consultar-documentos-obligatorios\/#breadcrumb"},"inLanguage":"es-AR","potentialAction":[{"@type":"ReadAction","target":["https:\/\/vuce.gub.uy\/staging1500\/consultar-documentos-obligatorios\/"]}]},{"@type":"BreadcrumbList","@id":"https:\/\/vuce.gub.uy\/staging1500\/consultar-documentos-obligatorios\/#breadcrumb","itemListElement":[{"@type":"ListItem","position":1,"name":"Inicio","item":"https:\/\/vuce.gub.uy\/staging1500\/"},{"@type":"ListItem","position":2,"name":"Consultar documentos obligatorios"}]},{"@type":"WebSite","@id":"https:\/\/vuce.gub.uy\/staging1500\/#website","url":"https:\/\/vuce.gub.uy\/staging1500\/","name":"VUCE","description":"","potentialAction":[{"@type":"SearchAction","target":{"@type":"EntryPoint","urlTemplate":"https:\/\/vuce.gub.uy\/staging1500\/?s={search_term_string}"},"query-input":"required name=search_term_string"}],"inLanguage":"es-AR"}]}},"_links":{"self":[{"href":"https:\/\/vuce.gub.uy\/staging1500\/wp-json\/wp\/v2\/pages\/1919"}],"collection":[{"href":"https:\/\/vuce.gub.uy\/staging1500\/wp-json\/wp\/v2\/pages"}],"about":[{"href":"https:\/\/vuce.gub.uy\/staging1500\/wp-json\/wp\/v2\/types\/page"}],"author":[{"embeddable":true,"href":"https:\/\/vuce.gub.uy\/staging1500\/wp-json\/wp\/v2\/users\/1"}],"replies":[{"embeddable":true,"href":"https:\/\/vuce.gub.uy\/staging1500\/wp-json\/wp\/v2\/comments?post=1919"}],"version-history":[{"count":5,"href":"https:\/\/vuce.gub.uy\/staging1500\/wp-json\/wp\/v2\/pages\/1919\/revisions"}],"predecessor-version":[{"id":5768,"href":"https:\/\/vuce.gub.uy\/staging1500\/wp-json\/wp\/v2\/pages\/1919\/revisions\/5768"}],"wp:attachment":[{"href":"https:\/\/vuce.gub.uy\/staging1500\/wp-json\/wp\/v2\/media?parent=1919"}],"curies":[{"name":"wp","href":"https:\/\/api.w.org\/{rel}","templated":true}]}}