{"id":2995,"date":"2017-03-16T13:07:42","date_gmt":"2017-03-16T13:07:42","guid":{"rendered":"http:\/\/vuce.gub.uy\/staging1500\/?page_id=2995"},"modified":"2020-11-19T15:04:59","modified_gmt":"2020-11-19T15:04:59","slug":"registropf-2","status":"publish","type":"page","link":"https:\/\/vuce.gub.uy\/staging1500\/registropf-2\/","title":{"rendered":"Registro de Usuarios (Personas)"},"content":{"rendered":"<table style=\"width: 700px; border-color: #ffffff; float: left; margin-left: auto; margin-right: auto;\" border=\"0\" cellspacing=\"0\" cellpadding=\"0\">\n<tbody>\n<tr>\n<td style=\"width: 800px;\" scope=\"col\">\n<h4><img decoding=\"async\" src=\"http:\/\/vuce.gub.uy\/staging1500\/wp-content\/uploads\/2017\/03\/icon_2.png\" alt=\"\" width=\"32\" height=\"32\" align=\"absMiddle\" \/>\u00a0\u00a0\u00a0 I<span style=\"color: #003366;\">ntroducci\u00f3n<\/span><\/h4>\n<\/td>\n<\/tr>\n<tr>\n<td style=\"width: 800px;\" scope=\"col\">Para utilizar la Ventanilla \u00danica de Comercio Exterior, es necesario estar previamente registrado.<br \/>\nEl proceso de registro se realiza una \u00fanica vez y a partir del mismo se genera un usuario y contrase\u00f1a que le permitir\u00e1 acceder a la plataforma y realizar las gestiones.Para las personas que utilizan VUCE como particular (persona f\u00edsica) el proceso de registro es simplificado.<\/td>\n<\/tr>\n<tr>\n<td style=\"width: 800px;\" scope=\"col\"><\/td>\n<\/tr>\n<tr>\n<td style=\"width: 800px;\" scope=\"col\">\n<h4><img decoding=\"async\" src=\"http:\/\/vuce.gub.uy\/staging1500\/wp-content\/uploads\/2017\/03\/icon_2.png\" alt=\"\" width=\"32\" height=\"32\" align=\"absMiddle\" \/><span style=\"color: #003366;\">\u00a0\u00a0\u00a0 \u00bfDonde se realiza el tr\u00e1mite?<\/span><\/h4>\n<\/td>\n<\/tr>\n<tr>\n<td style=\"width: 800px;\" scope=\"col\">El tr\u00e1mite se realiza de forma electr\u00f3nica, a trav\u00e9s de la Ventanilla \u00danica de Comercio Exterior (VUCE). A continuaci\u00f3n se describe paso a paso la forma de realizar el tr\u00e1mite a trav\u00e9s de esta plataforma.<\/td>\n<\/tr>\n<tr>\n<td style=\"width: 800px;\" scope=\"col\"><\/td>\n<\/tr>\n<tr>\n<td style=\"width: 800px;\" scope=\"col\">\n<h4 style=\"color: #5e9ca0;\"><img decoding=\"async\" src=\"http:\/\/vuce.gub.uy\/staging1500\/wp-content\/uploads\/2017\/03\/icon_2.png\" alt=\"\" width=\"32\" height=\"32\" \/>\u00a0\u00a0 <span style=\"color: #003366;\">Requisitos Previos<\/span><\/h4>\n<\/td>\n<\/tr>\n<tr>\n<td style=\"width: 800px;\" scope=\"col\">\n<ol>\n<li>Cualquier persona mayor de edad puede registrarse en VUCE. S\u00f3lo necesita tener a mano el documento de identidad.<\/li>\n<\/ol>\n<\/td>\n<\/tr>\n<tr>\n<td style=\"width: 800px;\" scope=\"col\"><em>Para un correcto funcionamiento del sistema, se recomienda utilizar los navegadores Google Chrome o Mozilla Firefox as\u00ed como tambi\u00e9n la \u00faltima versi\u00f3n de <a href=\"http:\/\/java.com\/es\/\">Java<\/a>.<\/em><\/td>\n<\/tr>\n<tr>\n<td style=\"width: 800px;\" scope=\"col\"><\/td>\n<\/tr>\n<tr>\n<td style=\"width: 800px;\" scope=\"col\">\n<h4><img decoding=\"async\" src=\"http:\/\/vuce.gub.uy\/staging1500\/wp-content\/uploads\/2017\/03\/icon_2.png\" alt=\"\" width=\"32\" height=\"32\" align=\"absMiddle\" \/>\u00a0\u00a0 <span style=\"color: #003366;\">Pasos para realizar el tr\u00e1mite<\/span><\/h4>\n<\/td>\n<\/tr>\n<tr>\n<td style=\"width: 800px;\" scope=\"col\">Una vez cumplidos los requisitos previos, puede comenzar a realizar el tr\u00e1mite, que consta de 2 pasos.<\/p>\n<p><img decoding=\"async\" src=\"http:\/\/vuce.gub.uy\/staging1500\/wp-content\/uploads\/2017\/03\/4.png\" alt=\"\" width=\"351\" height=\"100\" \/><\/td>\n<\/tr>\n<tr>\n<td style=\"width: 800px;\" scope=\"col\">&nbsp;<\/p>\n<h4><span style=\"color: #003366;\">1. Completar formulario de registro<br \/>\n<\/span><\/h4>\n<\/td>\n<\/tr>\n<tr>\n<td style=\"width: 800px;\" scope=\"col\">Para obtener usuario de sistema VUCE debes ingresar a nuestra p\u00e1gina institucional <a href=\"http:\/\/vuce.uy\">vuce.uy<\/a>. En el<br \/>\nextremo derecho (<span style=\"color: #008000;\">recuadro verde<\/span>) encontrar\u00e1s el enlace para acceder al sistema.<\/td>\n<\/tr>\n<tr>\n<td style=\"width: 800px;\" scope=\"col\">\u00a0<img decoding=\"async\" class=\"alignnone size-large wp-image-7445\" src=\"http:\/\/vuce.gub.uy\/staging1500\/wp-content\/uploads\/2020\/11\/1-1-1024x194.png\" alt=\"\" width=\"1024\" height=\"194\" srcset=\"https:\/\/vuce.gub.uy\/staging1500\/wp-content\/uploads\/2020\/11\/1-1-200x38.png 200w, https:\/\/vuce.gub.uy\/staging1500\/wp-content\/uploads\/2020\/11\/1-1-300x57.png 300w, https:\/\/vuce.gub.uy\/staging1500\/wp-content\/uploads\/2020\/11\/1-1-400x76.png 400w, https:\/\/vuce.gub.uy\/staging1500\/wp-content\/uploads\/2020\/11\/1-1-600x114.png 600w, https:\/\/vuce.gub.uy\/staging1500\/wp-content\/uploads\/2020\/11\/1-1-768x145.png 768w, https:\/\/vuce.gub.uy\/staging1500\/wp-content\/uploads\/2020\/11\/1-1-800x151.png 800w, https:\/\/vuce.gub.uy\/staging1500\/wp-content\/uploads\/2020\/11\/1-1-1024x194.png 1024w, https:\/\/vuce.gub.uy\/staging1500\/wp-content\/uploads\/2020\/11\/1-1-1200x227.png 1200w, https:\/\/vuce.gub.uy\/staging1500\/wp-content\/uploads\/2020\/11\/1-1.png 1385w\" sizes=\"(max-width: 1024px) 100vw, 1024px\" \/><\/td>\n<\/tr>\n<tr>\n<td style=\"width: 800px;\" scope=\"col\">Al acceder, se desplegar\u00e1 la pantalla de ingreso, donde se deber\u00e1 seleccionar la opci\u00f3n de \u201cSolicitar Registro de Usuario\u201d (<span style=\"color: #ff0000;\">recuadro rojo<\/span>).<\/td>\n<\/tr>\n<tr>\n<td style=\"width: 800px;\" scope=\"col\"><img decoding=\"async\" class=\"alignnone size-full wp-image-7447\" src=\"http:\/\/vuce.gub.uy\/staging1500\/wp-content\/uploads\/2020\/11\/2-1.png\" alt=\"\" width=\"548\" height=\"692\" srcset=\"https:\/\/vuce.gub.uy\/staging1500\/wp-content\/uploads\/2020\/11\/2-1-158x200.png 158w, https:\/\/vuce.gub.uy\/staging1500\/wp-content\/uploads\/2020\/11\/2-1-200x253.png 200w, https:\/\/vuce.gub.uy\/staging1500\/wp-content\/uploads\/2020\/11\/2-1-400x505.png 400w, https:\/\/vuce.gub.uy\/staging1500\/wp-content\/uploads\/2020\/11\/2-1.png 548w\" sizes=\"(max-width: 548px) 100vw, 548px\" \/><\/td>\n<\/tr>\n<tr>\n<td style=\"width: 800px;\" scope=\"col\">Al hacer clic se desplegar\u00e1 el formulario de registro de usuario.<\/td>\n<\/tr>\n<tr>\n<td style=\"width: 800px;\" scope=\"col\">Deber\u00e1 completar los datos y adjuntar su documento de identidad. Finalizado el mismo deber\u00e1 presionar el bot\u00f3n \u201cConfirmar\u201d.<\/td>\n<\/tr>\n<tr>\n<td style=\"width: 800px;\" scope=\"col\">&nbsp;<\/p>\n<h4><span style=\"color: #003366;\">2. Recibir y confirmar correo electr\u00f3nico<br \/>\n<\/span><\/h4>\n<\/td>\n<\/tr>\n<tr>\n<td style=\"width: 800px;\" scope=\"col\">Una vez confirmado el fomulario, el sistema le enviar\u00e1 un correo electr\u00f3nico con usuario, contrase\u00f1a y un link para la activaci\u00f3n del usuario.<\/p>\n<p>Al recibir el correo, deberas acceder al link donde se le solicitar\u00e1 que acepte las Condiciones de Uso. Con el usuario y contrase\u00f1a recibidos, podr\u00e1s acceder al sistema para realizar los tr\u00e1mites.<\/p>\n<p>Nota: Tienes 24 horas para realizar la activaci\u00f3n antes mencionada, de lo contrario debes contactarte para recibir un nuevo correo de activaci\u00f3n.<\/td>\n<\/tr>\n<tr>\n<td style=\"width: 800px;\" scope=\"col\"><\/td>\n<\/tr>\n<tr>\n<td style=\"width: 800px;\" scope=\"col\">Una vez que has registrado tu usuario, puedes asociarle m\u00faltiples empresas y realizar operaciones en su nombre. \u00bfDeseas registras tu empresa para realizar operaciones habilitadas para personas jur\u00eddicas? <a href=\"http:\/\/vuce.gub.uy\/staging1500\/registropj\/\">Consulta aqu\u00ed c\u00f3mo realizarlo<\/a>.<\/td>\n<\/tr>\n<\/tbody>\n<\/table>\n","protected":false},"excerpt":{"rendered":"<p>\u00a0\u00a0\u00a0 Introducci\u00f3n Para utilizar la Ventanilla \u00danica de Comercio Exterior, es [&hellip;]<\/p>\n","protected":false},"author":1,"featured_media":0,"parent":0,"menu_order":0,"comment_status":"closed","ping_status":"closed","template":"","meta":{"footnotes":""},"yoast_head":"<!-- This site is optimized with the Yoast SEO plugin v21.5 - https:\/\/yoast.com\/wordpress\/plugins\/seo\/ -->\n<title>Registro de Usuarios (Personas) - VUCE<\/title>\n<meta name=\"robots\" content=\"index, follow, max-snippet:-1, max-image-preview:large, max-video-preview:-1\" \/>\n<link rel=\"canonical\" href=\"https:\/\/vuce.gub.uy\/staging1500\/registropf-2\/\" \/>\n<meta property=\"og:locale\" content=\"es_ES\" \/>\n<meta property=\"og:type\" content=\"article\" \/>\n<meta property=\"og:title\" content=\"Registro de Usuarios (Personas) - VUCE\" \/>\n<meta property=\"og:description\" content=\"\u00a0\u00a0\u00a0 Introducci\u00f3n Para utilizar la Ventanilla \u00danica de Comercio Exterior, es [&hellip;]\" \/>\n<meta property=\"og:url\" content=\"https:\/\/vuce.gub.uy\/staging1500\/registropf-2\/\" \/>\n<meta property=\"og:site_name\" content=\"VUCE\" \/>\n<meta property=\"article:modified_time\" content=\"2020-11-19T15:04:59+00:00\" \/>\n<meta property=\"og:image\" content=\"http:\/\/vuce.gub.uy\/staging1500\/wp-content\/uploads\/2017\/03\/icon_2.png\" \/>\n<meta name=\"twitter:card\" content=\"summary_large_image\" \/>\n<meta name=\"twitter:label1\" content=\"Tiempo de lectura\" \/>\n\t<meta name=\"twitter:data1\" content=\"2 minutos\" \/>\n<script type=\"application\/ld+json\" class=\"yoast-schema-graph\">{\"@context\":\"https:\/\/schema.org\",\"@graph\":[{\"@type\":\"WebPage\",\"@id\":\"https:\/\/vuce.gub.uy\/staging1500\/registropf-2\/\",\"url\":\"https:\/\/vuce.gub.uy\/staging1500\/registropf-2\/\",\"name\":\"Registro de Usuarios (Personas) - VUCE\",\"isPartOf\":{\"@id\":\"https:\/\/vuce.gub.uy\/staging1500\/#website\"},\"datePublished\":\"2017-03-16T13:07:42+00:00\",\"dateModified\":\"2020-11-19T15:04:59+00:00\",\"breadcrumb\":{\"@id\":\"https:\/\/vuce.gub.uy\/staging1500\/registropf-2\/#breadcrumb\"},\"inLanguage\":\"es-AR\",\"potentialAction\":[{\"@type\":\"ReadAction\",\"target\":[\"https:\/\/vuce.gub.uy\/staging1500\/registropf-2\/\"]}]},{\"@type\":\"BreadcrumbList\",\"@id\":\"https:\/\/vuce.gub.uy\/staging1500\/registropf-2\/#breadcrumb\",\"itemListElement\":[{\"@type\":\"ListItem\",\"position\":1,\"name\":\"Inicio\",\"item\":\"https:\/\/vuce.gub.uy\/staging1500\/\"},{\"@type\":\"ListItem\",\"position\":2,\"name\":\"Registro de Usuarios (Personas)\"}]},{\"@type\":\"WebSite\",\"@id\":\"https:\/\/vuce.gub.uy\/staging1500\/#website\",\"url\":\"https:\/\/vuce.gub.uy\/staging1500\/\",\"name\":\"VUCE\",\"description\":\"\",\"potentialAction\":[{\"@type\":\"SearchAction\",\"target\":{\"@type\":\"EntryPoint\",\"urlTemplate\":\"https:\/\/vuce.gub.uy\/staging1500\/?s={search_term_string}\"},\"query-input\":\"required name=search_term_string\"}],\"inLanguage\":\"es-AR\"}]}<\/script>\n<!-- \/ Yoast SEO plugin. -->","yoast_head_json":{"title":"Registro de Usuarios (Personas) - VUCE","robots":{"index":"index","follow":"follow","max-snippet":"max-snippet:-1","max-image-preview":"max-image-preview:large","max-video-preview":"max-video-preview:-1"},"canonical":"https:\/\/vuce.gub.uy\/staging1500\/registropf-2\/","og_locale":"es_ES","og_type":"article","og_title":"Registro de Usuarios (Personas) - VUCE","og_description":"\u00a0\u00a0\u00a0 Introducci\u00f3n Para utilizar la Ventanilla \u00danica de Comercio Exterior, es [&hellip;]","og_url":"https:\/\/vuce.gub.uy\/staging1500\/registropf-2\/","og_site_name":"VUCE","article_modified_time":"2020-11-19T15:04:59+00:00","og_image":[{"url":"http:\/\/vuce.gub.uy\/staging1500\/wp-content\/uploads\/2017\/03\/icon_2.png"}],"twitter_card":"summary_large_image","twitter_misc":{"Tiempo de lectura":"2 minutos"},"schema":{"@context":"https:\/\/schema.org","@graph":[{"@type":"WebPage","@id":"https:\/\/vuce.gub.uy\/staging1500\/registropf-2\/","url":"https:\/\/vuce.gub.uy\/staging1500\/registropf-2\/","name":"Registro de Usuarios (Personas) - VUCE","isPartOf":{"@id":"https:\/\/vuce.gub.uy\/staging1500\/#website"},"datePublished":"2017-03-16T13:07:42+00:00","dateModified":"2020-11-19T15:04:59+00:00","breadcrumb":{"@id":"https:\/\/vuce.gub.uy\/staging1500\/registropf-2\/#breadcrumb"},"inLanguage":"es-AR","potentialAction":[{"@type":"ReadAction","target":["https:\/\/vuce.gub.uy\/staging1500\/registropf-2\/"]}]},{"@type":"BreadcrumbList","@id":"https:\/\/vuce.gub.uy\/staging1500\/registropf-2\/#breadcrumb","itemListElement":[{"@type":"ListItem","position":1,"name":"Inicio","item":"https:\/\/vuce.gub.uy\/staging1500\/"},{"@type":"ListItem","position":2,"name":"Registro de Usuarios (Personas)"}]},{"@type":"WebSite","@id":"https:\/\/vuce.gub.uy\/staging1500\/#website","url":"https:\/\/vuce.gub.uy\/staging1500\/","name":"VUCE","description":"","potentialAction":[{"@type":"SearchAction","target":{"@type":"EntryPoint","urlTemplate":"https:\/\/vuce.gub.uy\/staging1500\/?s={search_term_string}"},"query-input":"required name=search_term_string"}],"inLanguage":"es-AR"}]}},"_links":{"self":[{"href":"https:\/\/vuce.gub.uy\/staging1500\/wp-json\/wp\/v2\/pages\/2995"}],"collection":[{"href":"https:\/\/vuce.gub.uy\/staging1500\/wp-json\/wp\/v2\/pages"}],"about":[{"href":"https:\/\/vuce.gub.uy\/staging1500\/wp-json\/wp\/v2\/types\/page"}],"author":[{"embeddable":true,"href":"https:\/\/vuce.gub.uy\/staging1500\/wp-json\/wp\/v2\/users\/1"}],"replies":[{"embeddable":true,"href":"https:\/\/vuce.gub.uy\/staging1500\/wp-json\/wp\/v2\/comments?post=2995"}],"version-history":[{"count":3,"href":"https:\/\/vuce.gub.uy\/staging1500\/wp-json\/wp\/v2\/pages\/2995\/revisions"}],"predecessor-version":[{"id":7450,"href":"https:\/\/vuce.gub.uy\/staging1500\/wp-json\/wp\/v2\/pages\/2995\/revisions\/7450"}],"wp:attachment":[{"href":"https:\/\/vuce.gub.uy\/staging1500\/wp-json\/wp\/v2\/media?parent=2995"}],"curies":[{"name":"wp","href":"https:\/\/api.w.org\/{rel}","templated":true}]}}