{"id":915,"date":"2013-10-27T16:48:08","date_gmt":"2013-10-27T16:48:08","guid":{"rendered":"http:\/\/vuce.gub.uy\/staging1500\/?page_id=915"},"modified":"2021-06-30T15:00:11","modified_gmt":"2021-06-30T15:00:11","slug":"manuales","status":"publish","type":"page","link":"https:\/\/vuce.gub.uy\/staging1500\/manuales\/","title":{"rendered":"Manuales"},"content":{"rendered":"<p><a href=\"http:\/\/vuce.gub.uy\/staging1500\/wp-content\/uploads\/2013\/10\/manual.jpg\"><img decoding=\"async\" class=\"size-medium wp-image-932 alignleft\" src=\"http:\/\/vuce.gub.uy\/staging1500\/wp-content\/uploads\/2013\/10\/manual-300x200.jpg\" alt=\"manual\" width=\"300\" height=\"200\" srcset=\"https:\/\/vuce.gub.uy\/staging1500\/wp-content\/uploads\/2013\/10\/manual-200x133.jpg 200w, https:\/\/vuce.gub.uy\/staging1500\/wp-content\/uploads\/2013\/10\/manual-300x200.jpg 300w, https:\/\/vuce.gub.uy\/staging1500\/wp-content\/uploads\/2013\/10\/manual-400x267.jpg 400w, https:\/\/vuce.gub.uy\/staging1500\/wp-content\/uploads\/2013\/10\/manual.jpg 448w\" sizes=\"(max-width: 300px) 100vw, 300px\" \/><\/a><\/p>\n<p>&nbsp;<\/p>\n<p>&nbsp;<\/p>\n<p>&nbsp;<\/p>\n<p>&nbsp;<\/p>\n<p>&nbsp;<\/p>\n<p>&nbsp;<\/p>\n<p>Descargue la <a href=\"http:\/\/vuce.gub.uy\/staging1500\/wp-content\/uploads\/2014\/05\/VUCE-Guia-R\u00e1pida.pdf\" target=\"_blank\" rel=\"noopener\">Guia R\u00e1pida<\/a>\u00a0para conocer en pocos pasos como unirse a la plataforma.<\/p>\n<p>Para utilizar la Plataforma VUCE es necesario que este previamente registrado. Podr\u00e1 realizar el registro online o en las oficinas de VUCE. Puede consultar nuestro manual de Registro de Usuarios para conocer el proceso detallado:<\/p>\n<p><a href=\"http:\/\/vuce.gub.uy\/staging1500\/wp-content\/uploads\/2013\/10\/VUCE-Manual-de-registro-de-usuarios.pdf\" target=\"_blank\" rel=\"noopener\">Manual de registro de usuarios<\/a><br \/>\n<a href=\"http:\/\/vuce.gub.uy\/staging1500\/wp-content\/uploads\/2014\/06\/Especificaciones_certificado_notarial.pdf\" target=\"_blank\" rel=\"noopener\">Formato del certificado notarial sugerido<\/a>\u00a0(debe ser expedido como m\u00e1ximo 30 d\u00edas antes de su presentaci\u00f3n ante VUCE)<\/p>\n<p>Una vez registrado su usuario y asociado a una empresa, podr\u00e1 comenzar a trabajar en la plataforma. Si bien el uso de la misma depender\u00e1 del tr\u00e1mite que desee realizar, existen funcionalidades comunes que est\u00e1n siempre disponibles para todos los tr\u00e1mites. Descargue el manual de uso para aprender a utilizar el sistema:<\/p>\n<p><a href=\"http:\/\/vuce.gub.uy\/staging1500\/wp-content\/uploads\/2013\/10\/VUCE-Manual-de-Uso-del-Sistema.pdf\" target=\"_blank\" rel=\"noopener\">Manual de Uso del Sistema<\/a><\/p>\n","protected":false},"excerpt":{"rendered":"<p>&nbsp; &nbsp; &nbsp; &nbsp; &nbsp; &nbsp; Descargue la Guia R\u00e1pida\u00a0para conocer [&hellip;]<\/p>\n","protected":false},"author":1,"featured_media":0,"parent":0,"menu_order":0,"comment_status":"closed","ping_status":"open","template":"","meta":{"footnotes":""},"yoast_head":"<!-- This site is optimized with the Yoast SEO plugin v21.5 - https:\/\/yoast.com\/wordpress\/plugins\/seo\/ -->\n<title>Manuales - VUCE<\/title>\n<meta name=\"robots\" content=\"index, follow, max-snippet:-1, max-image-preview:large, max-video-preview:-1\" \/>\n<link rel=\"canonical\" href=\"https:\/\/vuce.gub.uy\/staging1500\/manuales\/\" \/>\n<meta property=\"og:locale\" content=\"es_ES\" \/>\n<meta property=\"og:type\" content=\"article\" \/>\n<meta property=\"og:title\" content=\"Manuales - VUCE\" \/>\n<meta property=\"og:description\" content=\"&nbsp; &nbsp; &nbsp; &nbsp; &nbsp; &nbsp; Descargue la Guia R\u00e1pida\u00a0para conocer [&hellip;]\" \/>\n<meta property=\"og:url\" content=\"https:\/\/vuce.gub.uy\/staging1500\/manuales\/\" \/>\n<meta property=\"og:site_name\" content=\"VUCE\" \/>\n<meta property=\"article:modified_time\" content=\"2021-06-30T15:00:11+00:00\" \/>\n<meta property=\"og:image\" content=\"http:\/\/vuce.gub.uy\/staging1500\/wp-content\/uploads\/2013\/10\/manual-300x200.jpg\" \/>\n<meta name=\"twitter:card\" content=\"summary_large_image\" \/>\n<meta name=\"twitter:label1\" content=\"Tiempo de lectura\" \/>\n\t<meta name=\"twitter:data1\" content=\"1 minuto\" \/>\n<script type=\"application\/ld+json\" class=\"yoast-schema-graph\">{\"@context\":\"https:\/\/schema.org\",\"@graph\":[{\"@type\":\"WebPage\",\"@id\":\"https:\/\/vuce.gub.uy\/staging1500\/manuales\/\",\"url\":\"https:\/\/vuce.gub.uy\/staging1500\/manuales\/\",\"name\":\"Manuales - VUCE\",\"isPartOf\":{\"@id\":\"https:\/\/vuce.gub.uy\/staging1500\/#website\"},\"datePublished\":\"2013-10-27T16:48:08+00:00\",\"dateModified\":\"2021-06-30T15:00:11+00:00\",\"breadcrumb\":{\"@id\":\"https:\/\/vuce.gub.uy\/staging1500\/manuales\/#breadcrumb\"},\"inLanguage\":\"es-AR\",\"potentialAction\":[{\"@type\":\"ReadAction\",\"target\":[\"https:\/\/vuce.gub.uy\/staging1500\/manuales\/\"]}]},{\"@type\":\"BreadcrumbList\",\"@id\":\"https:\/\/vuce.gub.uy\/staging1500\/manuales\/#breadcrumb\",\"itemListElement\":[{\"@type\":\"ListItem\",\"position\":1,\"name\":\"Inicio\",\"item\":\"https:\/\/vuce.gub.uy\/staging1500\/\"},{\"@type\":\"ListItem\",\"position\":2,\"name\":\"Manuales\"}]},{\"@type\":\"WebSite\",\"@id\":\"https:\/\/vuce.gub.uy\/staging1500\/#website\",\"url\":\"https:\/\/vuce.gub.uy\/staging1500\/\",\"name\":\"VUCE\",\"description\":\"\",\"potentialAction\":[{\"@type\":\"SearchAction\",\"target\":{\"@type\":\"EntryPoint\",\"urlTemplate\":\"https:\/\/vuce.gub.uy\/staging1500\/?s={search_term_string}\"},\"query-input\":\"required name=search_term_string\"}],\"inLanguage\":\"es-AR\"}]}<\/script>\n<!-- \/ Yoast SEO plugin. -->","yoast_head_json":{"title":"Manuales - VUCE","robots":{"index":"index","follow":"follow","max-snippet":"max-snippet:-1","max-image-preview":"max-image-preview:large","max-video-preview":"max-video-preview:-1"},"canonical":"https:\/\/vuce.gub.uy\/staging1500\/manuales\/","og_locale":"es_ES","og_type":"article","og_title":"Manuales - VUCE","og_description":"&nbsp; &nbsp; &nbsp; &nbsp; &nbsp; &nbsp; Descargue la Guia R\u00e1pida\u00a0para conocer [&hellip;]","og_url":"https:\/\/vuce.gub.uy\/staging1500\/manuales\/","og_site_name":"VUCE","article_modified_time":"2021-06-30T15:00:11+00:00","og_image":[{"url":"http:\/\/vuce.gub.uy\/staging1500\/wp-content\/uploads\/2013\/10\/manual-300x200.jpg"}],"twitter_card":"summary_large_image","twitter_misc":{"Tiempo de lectura":"1 minuto"},"schema":{"@context":"https:\/\/schema.org","@graph":[{"@type":"WebPage","@id":"https:\/\/vuce.gub.uy\/staging1500\/manuales\/","url":"https:\/\/vuce.gub.uy\/staging1500\/manuales\/","name":"Manuales - VUCE","isPartOf":{"@id":"https:\/\/vuce.gub.uy\/staging1500\/#website"},"datePublished":"2013-10-27T16:48:08+00:00","dateModified":"2021-06-30T15:00:11+00:00","breadcrumb":{"@id":"https:\/\/vuce.gub.uy\/staging1500\/manuales\/#breadcrumb"},"inLanguage":"es-AR","potentialAction":[{"@type":"ReadAction","target":["https:\/\/vuce.gub.uy\/staging1500\/manuales\/"]}]},{"@type":"BreadcrumbList","@id":"https:\/\/vuce.gub.uy\/staging1500\/manuales\/#breadcrumb","itemListElement":[{"@type":"ListItem","position":1,"name":"Inicio","item":"https:\/\/vuce.gub.uy\/staging1500\/"},{"@type":"ListItem","position":2,"name":"Manuales"}]},{"@type":"WebSite","@id":"https:\/\/vuce.gub.uy\/staging1500\/#website","url":"https:\/\/vuce.gub.uy\/staging1500\/","name":"VUCE","description":"","potentialAction":[{"@type":"SearchAction","target":{"@type":"EntryPoint","urlTemplate":"https:\/\/vuce.gub.uy\/staging1500\/?s={search_term_string}"},"query-input":"required name=search_term_string"}],"inLanguage":"es-AR"}]}},"_links":{"self":[{"href":"https:\/\/vuce.gub.uy\/staging1500\/wp-json\/wp\/v2\/pages\/915"}],"collection":[{"href":"https:\/\/vuce.gub.uy\/staging1500\/wp-json\/wp\/v2\/pages"}],"about":[{"href":"https:\/\/vuce.gub.uy\/staging1500\/wp-json\/wp\/v2\/types\/page"}],"author":[{"embeddable":true,"href":"https:\/\/vuce.gub.uy\/staging1500\/wp-json\/wp\/v2\/users\/1"}],"replies":[{"embeddable":true,"href":"https:\/\/vuce.gub.uy\/staging1500\/wp-json\/wp\/v2\/comments?post=915"}],"version-history":[{"count":2,"href":"https:\/\/vuce.gub.uy\/staging1500\/wp-json\/wp\/v2\/pages\/915\/revisions"}],"predecessor-version":[{"id":8110,"href":"https:\/\/vuce.gub.uy\/staging1500\/wp-json\/wp\/v2\/pages\/915\/revisions\/8110"}],"wp:attachment":[{"href":"https:\/\/vuce.gub.uy\/staging1500\/wp-json\/wp\/v2\/media?parent=915"}],"curies":[{"name":"wp","href":"https:\/\/api.w.org\/{rel}","templated":true}]}}